{"id":7,"date":"2022-06-07T15:57:30","date_gmt":"2022-06-07T15:57:30","guid":{"rendered":"https:\/\/www.a-s-bauservice.de\/?page_id=7"},"modified":"2022-06-12T07:12:08","modified_gmt":"2022-06-12T07:12:08","slug":"start","status":"publish","type":"page","link":"https:\/\/www.a-s-bauservice.de\/","title":{"rendered":"Willkommen"},"content":{"rendered":"<p>Willkommen bei AS Bauservice<\/p>\n<p><img loading=\"lazy\" decoding=\"async\" class=\"size-medium wp-image-54 alignleft\" src=\"https:\/\/www.a-s-bauservice.de\/wp-content\/uploads\/2022\/06\/PHOTO-2020-04-01-18-36-07-300x172.jpeg\" alt=\"\" width=\"300\" height=\"172\" srcset=\"https:\/\/www.a-s-bauservice.de\/wp-content\/uploads\/2022\/06\/PHOTO-2020-04-01-18-36-07-300x172.jpeg 300w, https:\/\/www.a-s-bauservice.de\/wp-content\/uploads\/2022\/06\/PHOTO-2020-04-01-18-36-07-1024x587.jpeg 1024w, https:\/\/www.a-s-bauservice.de\/wp-content\/uploads\/2022\/06\/PHOTO-2020-04-01-18-36-07-768x440.jpeg 768w, https:\/\/www.a-s-bauservice.de\/wp-content\/uploads\/2022\/06\/PHOTO-2020-04-01-18-36-07-1200x688.jpeg 1200w, https:\/\/www.a-s-bauservice.de\/wp-content\/uploads\/2022\/06\/PHOTO-2020-04-01-18-36-07.jpeg 1500w\" sizes=\"auto, (max-width: 300px) 85vw, 300px\" \/><\/p>\n<p>Vieles an Haus und Grundst\u00fcck machen Sie selbst.<\/p>\n<p>Wie der Baumarkt Toom sagt: &#8222;Respekt, wer&#8217;s selber macht&#8220;<\/p>\n<p>Und Manches m\u00f6chten Sie nicht selber machen.<\/p>\n<p>Das \u00fcbernehmen wir, und zwar gern.<\/p>\n<p>Professionell. Zuverl\u00e4ssig. P\u00fcnktlich. Zu Ihrer Zufriedenheit.<\/p>\n<p>Am Anfang steht ein Kennenlernen.<\/p>\n<p>Sie uns, wir Sie, und die Aufgabe.<\/p>\n<p>Zum Kennenlernen schicken Sie uns bitte ein Email:<\/p>\n<p>A S @ A-S-Bauservice . de (ohne Leerzeichen)<\/p>\n<p>Oder rufen zur Terminvereinbarung an:<\/p>\n<p>Tel. O157 &#8211; 8O58 6555<\/p>\n<p>Wir freuen uns auf Sie und auf Ihr Projekt,<\/p>\n<p>Ihr AS Bauservice<\/p>\n","protected":false},"excerpt":{"rendered":"<p>Willkommen bei AS Bauservice Vieles an Haus und Grundst\u00fcck machen Sie selbst. Wie der Baumarkt Toom sagt: &#8222;Respekt, wer&#8217;s selber macht&#8220; Und Manches m\u00f6chten Sie nicht selber machen. Das \u00fcbernehmen wir, und zwar gern. Professionell. Zuverl\u00e4ssig. P\u00fcnktlich. Zu Ihrer Zufriedenheit. Am Anfang steht ein Kennenlernen. Sie uns, wir Sie, und die Aufgabe. Zum Kennenlernen schicken &hellip; <a href=\"https:\/\/www.a-s-bauservice.de\/\" class=\"more-link\"><span class=\"screen-reader-text\">\u201eWillkommen\u201c<\/span> weiterlesen<\/a><\/p>\n","protected":false},"author":2,"featured_media":0,"parent":0,"menu_order":0,"comment_status":"closed","ping_status":"closed","template":"","meta":{"footnotes":""},"class_list":["post-7","page","type-page","status-publish","hentry"],"_links":{"self":[{"href":"https:\/\/www.a-s-bauservice.de\/index.php?rest_route=\/wp\/v2\/pages\/7","targetHints":{"allow":["GET"]}}],"collection":[{"href":"https:\/\/www.a-s-bauservice.de\/index.php?rest_route=\/wp\/v2\/pages"}],"about":[{"href":"https:\/\/www.a-s-bauservice.de\/index.php?rest_route=\/wp\/v2\/types\/page"}],"author":[{"embeddable":true,"href":"https:\/\/www.a-s-bauservice.de\/index.php?rest_route=\/wp\/v2\/users\/2"}],"replies":[{"embeddable":true,"href":"https:\/\/www.a-s-bauservice.de\/index.php?rest_route=%2Fwp%2Fv2%2Fcomments&post=7"}],"version-history":[{"count":9,"href":"https:\/\/www.a-s-bauservice.de\/index.php?rest_route=\/wp\/v2\/pages\/7\/revisions"}],"predecessor-version":[{"id":76,"href":"https:\/\/www.a-s-bauservice.de\/index.php?rest_route=\/wp\/v2\/pages\/7\/revisions\/76"}],"wp:attachment":[{"href":"https:\/\/www.a-s-bauservice.de\/index.php?rest_route=%2Fwp%2Fv2%2Fmedia&parent=7"}],"curies":[{"name":"wp","href":"https:\/\/api.w.org\/{rel}","templated":true}]}}